{"id":195,"date":"2025-12-18T13:03:13","date_gmt":"2025-12-18T12:03:13","guid":{"rendered":"https:\/\/dev-rl.fr\/gti\/?post_type=product&#038;p=195"},"modified":"2025-12-30T10:43:56","modified_gmt":"2025-12-30T09:43:56","slug":"allumeur-bosch-205-gti-1-6-moteur-b6e-copie","status":"publish","type":"product","link":"https:\/\/dev-rl.fr\/gti\/boutique\/allumage\/allumeurs\/allumeur-bosch-205-gti-1-6-moteur-b6e-copie\/","title":{"rendered":"Allumeur bosch  205 GTi 1.6  0237009086 C064D050"},"content":{"rendered":"<p>Allumeur <span style=\"font-family: var(--global-body-font-family)\">205 GTI 1.6 \u00a0r\u00e9f\u00e9rence bosch 0237009086 courbe C064D050<\/span><\/p>\n<ol>\n<li><span style=\"font-family: var(--global-body-font-family)\">Montage: mod\u00e8le ann\u00e9e 1991 avec le moteur B6E<\/span><\/li>\n<li><span style=\"font-family: var(--global-body-font-family)\">Garantie 2 ans<\/span><\/li>\n<li><span style=\"font-family: var(--global-body-font-family)\">Disponible en \u00e9change standard ou en vente directe.<\/span><\/li>\n<li><span style=\"font-family: var(--global-body-font-family)\"> Pour faire un \u00e9change standard ,les conditions sont expliqu\u00e9s dans cette vid\u00e9o https:\/\/dev-rl.fr\/gti\/wp-content\/uploads\/2025\/12\/IMG_6607.mov ou vous m\u2019envoyez quelques photos sous tous les angles de votre allumeur par SMS \u00a0au 0616300524 ou par WhatsApp et je vais vous r\u00e9pondre ou appeler de suite.<\/span><\/li>\n<li>\u2b50\ufe0f les avantages:\u2b50\ufe0f \u00a0 \u00a0 \u00a0 \u00a0Vous allez recevoir une pi\u00e8ce conforme \u00e0 l\u2019origine enti\u00e8rement d\u00e9mont\u00e9e et r\u00e9par\u00e9e donc pas de probl\u00e8me de compatibilit\u00e9. L\u2019allumeur neuf vous garanti une courbe d&rsquo;avance conforme , l\u2019\u00e9tincelle arrive au bon moment quand le Moteur prend ses tours,ce qui permet d\u2019avoir une Combustion compl\u00e8te du m\u00e9lange air essence afin d\u2019 avoir la puissance optimale \u00e9galement une baisse de la consommation \u00a0et plus de probl\u00e8me de surchauffe \u00e1 l\u2019\u00e9chappement qui fait fissurer le collecteur.De plus avec le syst\u00e8me d\u2019avance renforc\u00e9e, il n\u2019y a plus de jeux au masselotte , le ralentit et plus stable et c\u2019est plus facile de faire le r\u00e9glage de l\u2019avance initiale avec la lampe stroboscopique. \u00e9galement plus de probl\u00e8me de fuite d\u2019huile qui passe par l\u2019axe.<\/li>\n<li>\u00a0Pour les 205 GTI, j\u2019envoie la vid\u00e9o du test de votre Allumeur reconditionn\u00e9 sur ma 205 GTI avant de vous l&rsquo;exp\u00e9dier.<\/li>\n<\/ol>\n<p><!--more--><\/p>\n<p><!--more--><\/p>\n","protected":false},"excerpt":{"rendered":"<blockquote><p>Allumeur Bosch 0 237 009 086 C 064 D 050 pour 205 GTI 1.6 115ch \u00a0Pi\u00e8ce d\u2019origine enti\u00e8rement reconditionn\u00e9e garanti 2 ans.Disponible en \u00e9change standard ou en vente directe.contactez moi directement au 0616300524<\/p><\/blockquote>\n","protected":false},"featured_media":267,"template":"","meta":{"_acf_changed":false,"_kad_post_transparent":"default","_kad_post_title":"","_kad_post_layout":"default","_kad_post_sidebar_id":"","_kad_post_content_style":"default","_kad_post_vertical_padding":"default","_kad_post_feature":"","_kad_post_feature_position":"","_kad_post_header":false,"_kad_post_footer":false,"_kad_post_classname":""},"product_brand":[],"product_cat":[17],"product_tag":[],"class_list":{"0":"post-195","1":"product","2":"type-product","3":"status-publish","4":"has-post-thumbnail","6":"product_cat-allumeurs","8":"first","9":"instock","10":"shipping-taxable","11":"purchasable","12":"product-type-simple","13":"entry","14":"content-bg","15":"loop-entry"},"acf":[],"_links":{"self":[{"href":"https:\/\/dev-rl.fr\/gti\/wp-json\/wp\/v2\/product\/195","targetHints":{"allow":["GET"]}}],"collection":[{"href":"https:\/\/dev-rl.fr\/gti\/wp-json\/wp\/v2\/product"}],"about":[{"href":"https:\/\/dev-rl.fr\/gti\/wp-json\/wp\/v2\/types\/product"}],"wp:featuredmedia":[{"embeddable":true,"href":"https:\/\/dev-rl.fr\/gti\/wp-json\/wp\/v2\/media\/267"}],"wp:attachment":[{"href":"https:\/\/dev-rl.fr\/gti\/wp-json\/wp\/v2\/media?parent=195"}],"wp:term":[{"taxonomy":"product_brand","embeddable":true,"href":"https:\/\/dev-rl.fr\/gti\/wp-json\/wp\/v2\/product_brand?post=195"},{"taxonomy":"product_cat","embeddable":true,"href":"https:\/\/dev-rl.fr\/gti\/wp-json\/wp\/v2\/product_cat?post=195"},{"taxonomy":"product_tag","embeddable":true,"href":"https:\/\/dev-rl.fr\/gti\/wp-json\/wp\/v2\/product_tag?post=195"}],"curies":[{"name":"wp","href":"https:\/\/api.w.org\/{rel}","templated":true}]}}