{"id":249,"date":"2025-12-19T17:00:54","date_gmt":"2025-12-19T16:00:54","guid":{"rendered":"https:\/\/dev-rl.fr\/gti\/?post_type=product&#038;p=249"},"modified":"2025-12-30T11:42:54","modified_gmt":"2025-12-30T10:42:54","slug":"tiroir-dair-additionnel-205-gti-bosch-0280140182","status":"publish","type":"product","link":"https:\/\/dev-rl.fr\/gti\/boutique\/injection\/tiroir-dair-additionnel\/tiroir-dair-additionnel-205-gti-bosch-0280140182\/","title":{"rendered":"Tiroir d\u2019air additionnel 205 GTI bosch 0280140182"},"content":{"rendered":"<ol>\n<li>Tiroir d\u2019air additionnel bosch 0 280 140 182 disponible en \u00e9change standard ou vente directe. Si vous avez des probl\u00e8mes de d\u00e9marrage \u00e0 froid ou un ralenti qui reste trop \u00e9lev\u00e9 ou trop bas, C\u2019est tr\u00e8s souvent cette pi\u00e8ce qui pose probl\u00e8me. Me contacter directement au 06 16 30 05 24.<\/li>\n<\/ol>\n","protected":false},"excerpt":{"rendered":"<p>Vanne d\u2019air additionnelle bosch 0 280 140 \u00a0182 \u00a0disponible en \u00e9change standard ou vente directe.me contacter directement au 0616300524<\/p>\n","protected":false},"featured_media":251,"template":"","meta":{"_acf_changed":false,"_kad_post_transparent":"default","_kad_post_title":"","_kad_post_layout":"default","_kad_post_sidebar_id":"","_kad_post_content_style":"default","_kad_post_vertical_padding":"default","_kad_post_feature":"","_kad_post_feature_position":"","_kad_post_header":false,"_kad_post_footer":false,"_kad_post_classname":""},"product_brand":[],"product_cat":[19,34],"product_tag":[],"class_list":{"0":"post-249","1":"product","2":"type-product","3":"status-publish","4":"has-post-thumbnail","6":"product_cat-injection","7":"product_cat-tiroir-dair-additionnel","9":"first","10":"instock","11":"shipping-taxable","12":"product-type-simple","13":"entry","14":"content-bg","15":"loop-entry"},"acf":[],"_links":{"self":[{"href":"https:\/\/dev-rl.fr\/gti\/wp-json\/wp\/v2\/product\/249","targetHints":{"allow":["GET"]}}],"collection":[{"href":"https:\/\/dev-rl.fr\/gti\/wp-json\/wp\/v2\/product"}],"about":[{"href":"https:\/\/dev-rl.fr\/gti\/wp-json\/wp\/v2\/types\/product"}],"wp:featuredmedia":[{"embeddable":true,"href":"https:\/\/dev-rl.fr\/gti\/wp-json\/wp\/v2\/media\/251"}],"wp:attachment":[{"href":"https:\/\/dev-rl.fr\/gti\/wp-json\/wp\/v2\/media?parent=249"}],"wp:term":[{"taxonomy":"product_brand","embeddable":true,"href":"https:\/\/dev-rl.fr\/gti\/wp-json\/wp\/v2\/product_brand?post=249"},{"taxonomy":"product_cat","embeddable":true,"href":"https:\/\/dev-rl.fr\/gti\/wp-json\/wp\/v2\/product_cat?post=249"},{"taxonomy":"product_tag","embeddable":true,"href":"https:\/\/dev-rl.fr\/gti\/wp-json\/wp\/v2\/product_tag?post=249"}],"curies":[{"name":"wp","href":"https:\/\/api.w.org\/{rel}","templated":true}]}}