{"id":262,"date":"2025-12-19T18:57:08","date_gmt":"2025-12-19T17:57:08","guid":{"rendered":"https:\/\/dev-rl.fr\/gti\/?post_type=product&#038;p=262"},"modified":"2025-12-30T11:07:48","modified_gmt":"2025-12-30T10:07:48","slug":"allumeur-bosch-golf-2-gti-037905205-0237520010-z415","status":"publish","type":"product","link":"https:\/\/dev-rl.fr\/gti\/boutique\/allumage\/allumeurs\/allumeur-bosch-golf-2-gti-037905205-0237520010-z415\/","title":{"rendered":"Allumeur bosch  golf 2 GTI 037905205 0237520010 Z415"},"content":{"rendered":"<ol>\n<li>Allumeur bosch Z415 0237520010 037905205 .<span style=\"font-family: var(--global-body-font-family)\">Piece d\u2019origine enti\u00e8rement reconditionn\u00e9e avec 2 ans de garantie.Disponible en \u00e9change standard ou en vente directe. Pour faire un \u00e9change standard, Vous d\u00e9montez le v\u00f4tre, vous m\u2019envoyez quelques photos sous tous les angles par SMS \u00a0au 0616300524 ou par WhatsApp et je vous rappelle de suite.<\/span><\/li>\n<\/ol>\n","protected":false},"excerpt":{"rendered":"<blockquote><p>Allumeur Bosch Z 415 0 237 520 010 037 905 205 Piece d\u2019origine enti\u00e8rement reconditionn\u00e9e garanti 2 ans.Disponible en \u00e9change standard ou en vente directe.Me contacter directement au 0616300524 .<\/p><\/blockquote>\n","protected":false},"featured_media":264,"template":"","meta":{"_acf_changed":false,"_kad_post_transparent":"default","_kad_post_title":"","_kad_post_layout":"default","_kad_post_sidebar_id":"","_kad_post_content_style":"default","_kad_post_vertical_padding":"default","_kad_post_feature":"","_kad_post_feature_position":"","_kad_post_header":false,"_kad_post_footer":false,"_kad_post_classname":""},"product_brand":[],"product_cat":[17],"product_tag":[],"class_list":{"0":"post-262","1":"product","2":"type-product","3":"status-publish","4":"has-post-thumbnail","6":"product_cat-allumeurs","8":"first","9":"instock","10":"shipping-taxable","11":"purchasable","12":"product-type-simple","13":"entry","14":"content-bg","15":"loop-entry"},"acf":[],"_links":{"self":[{"href":"https:\/\/dev-rl.fr\/gti\/wp-json\/wp\/v2\/product\/262","targetHints":{"allow":["GET"]}}],"collection":[{"href":"https:\/\/dev-rl.fr\/gti\/wp-json\/wp\/v2\/product"}],"about":[{"href":"https:\/\/dev-rl.fr\/gti\/wp-json\/wp\/v2\/types\/product"}],"wp:featuredmedia":[{"embeddable":true,"href":"https:\/\/dev-rl.fr\/gti\/wp-json\/wp\/v2\/media\/264"}],"wp:attachment":[{"href":"https:\/\/dev-rl.fr\/gti\/wp-json\/wp\/v2\/media?parent=262"}],"wp:term":[{"taxonomy":"product_brand","embeddable":true,"href":"https:\/\/dev-rl.fr\/gti\/wp-json\/wp\/v2\/product_brand?post=262"},{"taxonomy":"product_cat","embeddable":true,"href":"https:\/\/dev-rl.fr\/gti\/wp-json\/wp\/v2\/product_cat?post=262"},{"taxonomy":"product_tag","embeddable":true,"href":"https:\/\/dev-rl.fr\/gti\/wp-json\/wp\/v2\/product_tag?post=262"}],"curies":[{"name":"wp","href":"https:\/\/api.w.org\/{rel}","templated":true}]}}