{"id":385,"date":"2026-01-10T11:22:09","date_gmt":"2026-01-10T10:22:09","guid":{"rendered":"https:\/\/dev-rl.fr\/gti\/?post_type=product&#038;p=385"},"modified":"2026-01-10T11:41:55","modified_gmt":"2026-01-10T10:41:55","slug":"debitmetre-dair-volkswagen-vw-bus-t2-t3-transporter-caravelle-bosch-0280202079","status":"publish","type":"product","link":"https:\/\/dev-rl.fr\/gti\/boutique\/injection\/debimetres\/debitmetre-dair-volkswagen-vw-bus-t2-t3-transporter-caravelle-bosch-0280202079\/","title":{"rendered":"D\u00e9bitm\u00e8tre d\u2019air Volkswagen vw bus T2 T3 2.1 transporter caravelle bosch 0280202079"},"content":{"rendered":"<p>V\u00e9hicule \ud83d\udc49 Volkswagen vw bus T2 T3 transporter caravelle<\/p>\n<p>Disponibilit\u00e9 \ud83d\udc49 \u00e9change standard ou vente directe.<\/p>\n<p>Garantie \ud83d\udc49 2 ans.<\/p>\n<p>\ud83e\udd14Quelques exemples de sympt\u00f4mes d\u2019un d\u00e9bitm\u00e8tre fatigu\u00e9:<\/p>\n<p>\ud83d\udc49coupures d&rsquo;injection en roulant , \u00a0le ralenti instable , le moteur, manque de puissance, la voiture trop riche en carburant, elle pollue, ou \u00a0c\u2019est impossible d\u2019 ajuster la richesse et r\u00e9gler le CO avec la vis .<\/p>\n<p>\ud83e\udd14Comment faire pour proc\u00e9der \u00e0 l\u2019\u00e9change standard:<\/p>\n<p>\ud83d\udc49Vous d\u00e9montez votre d\u00e9bitm\u00e8tre de la voiture, vous me faites parvenir quelques photos directement par SMS ou WhatsApp et je vais vous rappeler de suite apr\u00e8s les avoir re\u00e7u pour vous indiquer la d\u00e9marche \u00e0 suivre pour me l\u2019exp\u00e9dier.<\/p>\n<p>\ud83d\udc49Le d\u00e9bitm\u00e8tre doit \u00eatre nu avec son couvercle comme sur la photo de l\u2019annonce.Les joints et visseries doivent \u00eatre enlev\u00e9.<\/p>\n<p>\ud83d\udc49Apr\u00e8s avoir re\u00e7u votre d\u00e9bitm\u00e8tre, je vous en fais parvenir le diagnostique complet. j\u2019envoie des vid\u00e9os des tests \u00e9lectriques et m\u00e9caniques.Vous serez inform\u00e9 dans les moindres d\u00e9tails des d\u00e9fauts constat\u00e9.<\/p>\n<p>\ud83d\udc49A la place vous allez recevoir un nouveau d\u00e9bitm\u00e8tre conforme pr\u00eat \u00e0 \u00eatre install\u00e9 sur le v\u00e9hicule, garanti 2 ans.<\/p>\n","protected":false},"excerpt":{"rendered":"<p>D\u00e9bitm\u00e8tre d\u2019air 0 280 202 079 disponible en \u00e9change standard ou vente directe.Me contacter directement au 0616300524<\/p>\n","protected":false},"featured_media":314,"template":"","meta":{"_acf_changed":false,"_kad_post_transparent":"default","_kad_post_title":"","_kad_post_layout":"default","_kad_post_sidebar_id":"","_kad_post_content_style":"default","_kad_post_vertical_padding":"default","_kad_post_feature":"","_kad_post_feature_position":"","_kad_post_header":false,"_kad_post_footer":false,"_kad_post_classname":""},"product_brand":[],"product_cat":[18,19],"product_tag":[],"class_list":{"0":"post-385","1":"product","2":"type-product","3":"status-publish","4":"has-post-thumbnail","6":"product_cat-debimetres","7":"product_cat-injection","9":"first","10":"instock","11":"shipping-taxable","12":"purchasable","13":"product-type-simple","14":"entry","15":"content-bg","16":"loop-entry"},"acf":[],"_links":{"self":[{"href":"https:\/\/dev-rl.fr\/gti\/wp-json\/wp\/v2\/product\/385","targetHints":{"allow":["GET"]}}],"collection":[{"href":"https:\/\/dev-rl.fr\/gti\/wp-json\/wp\/v2\/product"}],"about":[{"href":"https:\/\/dev-rl.fr\/gti\/wp-json\/wp\/v2\/types\/product"}],"wp:featuredmedia":[{"embeddable":true,"href":"https:\/\/dev-rl.fr\/gti\/wp-json\/wp\/v2\/media\/314"}],"wp:attachment":[{"href":"https:\/\/dev-rl.fr\/gti\/wp-json\/wp\/v2\/media?parent=385"}],"wp:term":[{"taxonomy":"product_brand","embeddable":true,"href":"https:\/\/dev-rl.fr\/gti\/wp-json\/wp\/v2\/product_brand?post=385"},{"taxonomy":"product_cat","embeddable":true,"href":"https:\/\/dev-rl.fr\/gti\/wp-json\/wp\/v2\/product_cat?post=385"},{"taxonomy":"product_tag","embeddable":true,"href":"https:\/\/dev-rl.fr\/gti\/wp-json\/wp\/v2\/product_tag?post=385"}],"curies":[{"name":"wp","href":"https:\/\/api.w.org\/{rel}","templated":true}]}}